{"id":33,"date":"2023-03-28T10:58:37","date_gmt":"2023-03-28T09:58:37","guid":{"rendered":"https:\/\/maxblackcommunications.com\/?page_id=33"},"modified":"2023-03-28T10:58:37","modified_gmt":"2023-03-28T09:58:37","slug":"trainer","status":"publish","type":"page","link":"https:\/\/test.maxblackcommunications.com\/de\/trainer\/","title":{"rendered":"Trainerin"},"content":{"rendered":"<p>Lorens unterst\u00fctzender und dynamischer Ansatz f\u00f6rdert bei ihren Studierenden den Spa\u00df am Lernen. Ihre Flexibilit\u00e4t und offener Charakter erm\u00f6glichen ihr und ihren Sch\u00fclern, ehrlich \u00fcber ihren Lernfortschritt zu diskutieren. Mit \u00fcber f\u00fcnf Jahren Erfahrung im Englischunterricht hat sie eine wertvolle Sammlung an Unterrichtsmaterialien geschaffen, die sie angepasst an die sprachlichen Bed\u00fcrfnissen bzw. Lernziele jedes einzelnen Sprachsch\u00fclers nutzt.<\/p>\n\n\n\n<p>Sie schloss ihr Studium an der School of Humanities and Social Sciences der University of Melbourne (Australien) mit einem Honours Degree in Medien und Kommunikation ab. Sie arbeitete im Bereich Marketingkommunikation und Werbung als Werbetexterin und Editorin und sp\u00e4ter im Bereich Schreiben und Kommunikation als Rechtsanwaltsgehilfin in einer Anwaltskanzlei in Melbourne. Anschlie\u00dfend studierte sie einen Master in Anglophoner Literatur und Kultur an der Universit\u00e4t Wien und unterrichtete neben ihrem Studium Englisch als Fremdsprache. W\u00e4hrend dieser Zeit wurde sie auch in methodischen und didaktischen Grundlagen der Erwachsenenbildung geschult, w\u00e4hrend sie die Rolle als Schreibmentorin am Center for Teaching and Learning (CTL, Universit\u00e4t Wien) \u00fcbernahm. Derzeit arbeitet sie als Kommunikationsassistentin im Master of Arts Programm der Menschenrechtsabteilung der Universit\u00e4t Wien.<\/p>\n\n\n\n<p>Loren ist haupts\u00e4chlich in Wien ans\u00e4ssig und unterrichtet weiterhin Englisch als Fremdsprache f\u00fcr Erwachsene und Schulkinder. Sie hat Sprachsch\u00fcler zwischen 10 und 70 Jahren unterrichtet, aus allen Lebensbereichen, von Ingenieuren bis zu Krankenschwestern, von Pensionisten bis zu CEOs, in verschiedensten Organisationen und Unternehmen, wie der Luft- und Raumfahrtindustrie, der verarbeitenden Industrie, der Flugsicherung und der Recyclingindustrie. Neben Einzelunterricht und Gruppenkursen gibt sie auch Online-Unterricht \u00fcber Skype und Zoom. Ihre Online-Sprachsch\u00fcler kommen aus der ganzen Welt \u2013 aus \u00d6sterreich, Deutschland, der Schweiz, Russland, der T\u00fcrkei, Vietnam und den Philippinen. Das ist einer der Gr\u00fcnde, warum sie sich f\u00fcr den Online-Unterricht entscheidet \u2013 um Menschen aus der ganzen Welt zu treffen und mit ihnen ihre Kenntnisse der Sprache zu teilen, mit der sie aufgewachsen ist.<\/p>\n\n\n\n<p>Lorens Muttersprache ist Englisch, sie spricht au\u00dferdem zwei weitere Sprachen auf mittlerem Niveau \u2013 Deutsch und Mandarin. In ihrer Freizeit wandert sie gerne in den Bergen, geht Skitouren und Klettern.<\/p>","protected":false},"excerpt":{"rendered":"<p>Loren\u2019s supportive and dynamic approach promotes fun learning among her students. Her easy-going nature has helped foster rapport between her<\/p>\n<p><a href=\"https:\/\/test.maxblackcommunications.com\/de\/trainer\/\" class=\"more-link\">Continue reading<span class=\"screen-reader-text\">Trainerin<\/span><\/a><\/p>","protected":false},"author":2,"featured_media":0,"parent":0,"menu_order":0,"comment_status":"closed","ping_status":"closed","template":"","meta":[],"_links":{"self":[{"href":"https:\/\/test.maxblackcommunications.com\/de\/wp-json\/wp\/v2\/pages\/33"}],"collection":[{"href":"https:\/\/test.maxblackcommunications.com\/de\/wp-json\/wp\/v2\/pages"}],"about":[{"href":"https:\/\/test.maxblackcommunications.com\/de\/wp-json\/wp\/v2\/types\/page"}],"author":[{"embeddable":true,"href":"https:\/\/test.maxblackcommunications.com\/de\/wp-json\/wp\/v2\/users\/2"}],"replies":[{"embeddable":true,"href":"https:\/\/test.maxblackcommunications.com\/de\/wp-json\/wp\/v2\/comments?post=33"}],"version-history":[{"count":0,"href":"https:\/\/test.maxblackcommunications.com\/de\/wp-json\/wp\/v2\/pages\/33\/revisions"}],"wp:attachment":[{"href":"https:\/\/test.maxblackcommunications.com\/de\/wp-json\/wp\/v2\/media?parent=33"}],"curies":[{"name":"wp","href":"https:\/\/api.w.org\/{rel}","templated":true}]}}